{"id":1709,"date":"2022-03-18T10:44:47","date_gmt":"2022-03-18T10:44:47","guid":{"rendered":"https:\/\/securitiesdm.com\/?page_id=1709"},"modified":"2024-02-07T18:56:53","modified_gmt":"2024-02-07T17:56:53","slug":"carriere","status":"publish","type":"page","link":"https:\/\/securitiesdm.com\/nl\/carriere\/","title":{"rendered":"Carri\u00e8re"},"content":{"rendered":"<h2>Werken bij SDM in Luxemburg of Belgi\u00eb<\/h2>\n<p>SDM Private Banking is actief in het beheer,  behoud en de overdracht van vermogens voor particulieren, families en bedrijven. Met vestigingen in Luxemburg en Belgi\u00eb biedt SDM op transparante wijze financi\u00eble diensten op maat.<\/p>\n<p>Bent u gepassioneerd door vermogensbeheer en ervaren in financi\u00ebn?<\/p>\n<h2>Openstaande vacatures<\/h2>\n<h3>Privaat bankier<\/h3>\n<p>Met het oog op de verdere uitbreiding van onze vermogensbeheeractiviteiten zijn wij op zoek naar een ervaren privaat bankier.<\/p>\n<p><strong>Uw verantwoordelijkheden<\/strong><\/p>\n<ul>\n<li>Een netwerk van nieuwe vermogende cli\u00ebnten opbouwen;<\/li>\n<li>Beheren van klantenrelaties, waaronder:\n<ul>\n<li>inzicht in de financi\u00eble situatie van de cli\u00ebnten;<\/li>\n<li>het aanbieden van beleggingsoplossingen en financieel advies;<\/li>\n<li>periodieke evaluaties van investeringen uitvoeren;<\/li>\n<\/ul>\n<\/li>\n<li>Nauw samenwerken met SDM&#8217;s investeringsteam en backoffice om duurzame oplossingen voor klanten te ontwikkelen; en<\/li>\n<li>SDM vertegenwoordigen op verschillende netwerkevenementen.<\/li>\n<\/ul>\n<p><strong>Uw profiel<\/strong><\/p>\n<ul>\n<li>U hebt een masterdiploma behaald op juridisch, economisch of financieel gebied.<\/li>\n<li>Je hebt minstens 7 jaar relevante werkervaring in private banking met een grondige kennis van financi\u00eble markten en vermogensplanning.<\/li>\n<li>Je hebt sterke persoonlijke vaardigheden om duurzame relaties te onderhouden.<\/li>\n<li>U bent een teamspeler die autonoom kan werken en graag initiatief neemt.<\/li>\n<li>Je hebt ervaring met het werven en behouden van nieuwe cli\u00ebnten in vermogensbeheer.<\/li>\n<li>U spreekt minstens 2 van de volgende talen vloeiend: Frans, Nederlands\/Vlaams en Engels.<\/li>\n<\/ul>\n<p>Als u op deze functie wilt solliciteren, neem dan contact met ons op door uw CV en motivatiebrief te sturen naar <a href=\"mailto:hr@sdm.lu\">hr@sdm.lu<\/a><\/p>\n<p><img decoding=\"async\" class=\"alignnone size-large wp-image-426\" src=\"https:\/\/securitiesdm.com\/wp-content\/uploads\/2021\/06\/diensten-banner-image-1024x325.jpg\" alt=\"SDM Classic\" width=\"580\" height=\"184\" srcset=\"https:\/\/securitiesdm.com\/wp-content\/uploads\/2021\/06\/diensten-banner-image-1024x325.jpg 1024w, https:\/\/securitiesdm.com\/wp-content\/uploads\/2021\/06\/diensten-banner-image-300x95.jpg 300w, https:\/\/securitiesdm.com\/wp-content\/uploads\/2021\/06\/diensten-banner-image-768x244.jpg 768w, https:\/\/securitiesdm.com\/wp-content\/uploads\/2021\/06\/diensten-banner-image-1536x487.jpg 1536w, https:\/\/securitiesdm.com\/wp-content\/uploads\/2021\/06\/diensten-banner-image-1200x381.jpg 1200w, https:\/\/securitiesdm.com\/wp-content\/uploads\/2021\/06\/diensten-banner-image.jpg 1920w\" sizes=\"(max-width: 580px) 100vw, 580px\" \/><\/p>\n","protected":false},"excerpt":{"rendered":"<p>Werken bij SDM in Luxemburg of Belgi\u00eb SDM Private Banking is actief in het beheer, behoud en de overdracht van vermogens voor particulieren, families en bedrijven. Met vestigingen in Luxemburg en Belgi\u00eb biedt SDM op transparante wijze financi\u00eble diensten op maat. Bent u gepassioneerd door vermogensbeheer en ervaren in financi\u00ebn? Openstaande vacatures Privaat bankier Met [&hellip;]<\/p>\n","protected":false},"author":1,"featured_media":0,"parent":0,"menu_order":0,"comment_status":"closed","ping_status":"closed","template":"template\/general-template.php","meta":{"_acf_changed":false,"footnotes":""},"class_list":["post-1709","page","type-page","status-publish","hentry"],"acf":[],"yoast_head":"<!-- This site is optimized with the Yoast SEO Premium plugin v27.2 (Yoast SEO v27.2) - https:\/\/yoast.com\/product\/yoast-seo-premium-wordpress\/ -->\n<title>Carri\u00e8re - SDM Private Banking<\/title>\n<meta name=\"robots\" content=\"index, follow, max-snippet:-1, max-image-preview:large, max-video-preview:-1\" \/>\n<link rel=\"canonical\" href=\"https:\/\/securitiesdm.com\/nl\/carriere\/\" \/>\n<meta property=\"og:locale\" content=\"nl_NL\" \/>\n<meta property=\"og:type\" content=\"article\" \/>\n<meta property=\"og:title\" content=\"Carri\u00e8re - SDM Private Banking\" \/>\n<meta property=\"og:description\" content=\"Werken bij SDM in Luxemburg of Belgi\u00eb SDM Private Banking is actief in het beheer, behoud en de overdracht van vermogens voor particulieren, families en bedrijven. Met vestigingen in Luxemburg en Belgi\u00eb biedt SDM op transparante wijze financi\u00eble diensten op maat. Bent u gepassioneerd door vermogensbeheer en ervaren in financi\u00ebn? Openstaande vacatures Privaat bankier Met [&hellip;]\" \/>\n<meta property=\"og:url\" content=\"https:\/\/securitiesdm.com\/nl\/carriere\/\" \/>\n<meta property=\"og:site_name\" content=\"SDM Private Banking\" \/>\n<meta property=\"article:modified_time\" content=\"2024-02-07T17:56:53+00:00\" \/>\n<meta property=\"og:image\" content=\"https:\/\/securitiesdm.com\/wp-content\/uploads\/2021\/06\/diensten-banner-image-1024x325.jpg\" \/>\n<meta name=\"twitter:card\" content=\"summary_large_image\" \/>\n<meta name=\"twitter:label1\" content=\"Geschatte leestijd\" \/>\n\t<meta name=\"twitter:data1\" content=\"2 minuten\" \/>\n<script type=\"application\/ld+json\" class=\"yoast-schema-graph\">{\"@context\":\"https:\/\/schema.org\",\"@graph\":[{\"@type\":\"WebPage\",\"@id\":\"https:\/\/securitiesdm.com\/nl\/carriere\/\",\"url\":\"https:\/\/securitiesdm.com\/nl\/carriere\/\",\"name\":\"Carri\u00e8re - SDM Private Banking\",\"isPartOf\":{\"@id\":\"https:\/\/securitiesdm.com\/nl\/#website\"},\"primaryImageOfPage\":{\"@id\":\"https:\/\/securitiesdm.com\/nl\/carriere\/#primaryimage\"},\"image\":{\"@id\":\"https:\/\/securitiesdm.com\/nl\/carriere\/#primaryimage\"},\"thumbnailUrl\":\"https:\/\/securitiesdm.com\/wp-content\/uploads\/2021\/06\/diensten-banner-image-1024x325.jpg\",\"datePublished\":\"2022-03-18T10:44:47+00:00\",\"dateModified\":\"2024-02-07T17:56:53+00:00\",\"breadcrumb\":{\"@id\":\"https:\/\/securitiesdm.com\/nl\/carriere\/#breadcrumb\"},\"inLanguage\":\"nl-NL\",\"potentialAction\":[{\"@type\":\"ReadAction\",\"target\":[\"https:\/\/securitiesdm.com\/nl\/carriere\/\"]}]},{\"@type\":\"ImageObject\",\"inLanguage\":\"nl-NL\",\"@id\":\"https:\/\/securitiesdm.com\/nl\/carriere\/#primaryimage\",\"url\":\"https:\/\/securitiesdm.com\/wp-content\/uploads\/2021\/06\/diensten-banner-image-1024x325.jpg\",\"contentUrl\":\"https:\/\/securitiesdm.com\/wp-content\/uploads\/2021\/06\/diensten-banner-image-1024x325.jpg\"},{\"@type\":\"BreadcrumbList\",\"@id\":\"https:\/\/securitiesdm.com\/nl\/carriere\/#breadcrumb\",\"itemListElement\":[{\"@type\":\"ListItem\",\"position\":1,\"name\":\"Home\",\"item\":\"https:\/\/securitiesdm.com\/nl\/\"},{\"@type\":\"ListItem\",\"position\":2,\"name\":\"Carri\u00e8re\"}]},{\"@type\":\"WebSite\",\"@id\":\"https:\/\/securitiesdm.com\/nl\/#website\",\"url\":\"https:\/\/securitiesdm.com\/nl\/\",\"name\":\"SDM Private Banking\",\"description\":\"Private Banking\",\"publisher\":{\"@id\":\"https:\/\/securitiesdm.com\/nl\/#organization\"},\"potentialAction\":[{\"@type\":\"SearchAction\",\"target\":{\"@type\":\"EntryPoint\",\"urlTemplate\":\"https:\/\/securitiesdm.com\/nl\/?s={search_term_string}\"},\"query-input\":{\"@type\":\"PropertyValueSpecification\",\"valueRequired\":true,\"valueName\":\"search_term_string\"}}],\"inLanguage\":\"nl-NL\"},{\"@type\":\"Organization\",\"@id\":\"https:\/\/securitiesdm.com\/nl\/#organization\",\"name\":\"SDM Private Banking\",\"alternateName\":\"SDM\",\"url\":\"https:\/\/securitiesdm.com\/nl\/\",\"logo\":{\"@type\":\"ImageObject\",\"inLanguage\":\"nl-NL\",\"@id\":\"https:\/\/securitiesdm.com\/nl\/#\/schema\/logo\/image\/\",\"url\":\"https:\/\/securitiesdm.com\/wp-content\/uploads\/2021\/06\/favicon.png\",\"contentUrl\":\"https:\/\/securitiesdm.com\/wp-content\/uploads\/2021\/06\/favicon.png\",\"width\":468,\"height\":350,\"caption\":\"SDM Private Banking\"},\"image\":{\"@id\":\"https:\/\/securitiesdm.com\/nl\/#\/schema\/logo\/image\/\"},\"sameAs\":[\"https:\/\/www.linkedin.com\/company\/sdm-private-banking\/\"]}]}<\/script>\n<!-- \/ Yoast SEO Premium plugin. -->","yoast_head_json":{"title":"Carri\u00e8re - SDM Private Banking","robots":{"index":"index","follow":"follow","max-snippet":"max-snippet:-1","max-image-preview":"max-image-preview:large","max-video-preview":"max-video-preview:-1"},"canonical":"https:\/\/securitiesdm.com\/nl\/carriere\/","og_locale":"nl_NL","og_type":"article","og_title":"Carri\u00e8re - SDM Private Banking","og_description":"Werken bij SDM in Luxemburg of Belgi\u00eb SDM Private Banking is actief in het beheer, behoud en de overdracht van vermogens voor particulieren, families en bedrijven. Met vestigingen in Luxemburg en Belgi\u00eb biedt SDM op transparante wijze financi\u00eble diensten op maat. Bent u gepassioneerd door vermogensbeheer en ervaren in financi\u00ebn? Openstaande vacatures Privaat bankier Met [&hellip;]","og_url":"https:\/\/securitiesdm.com\/nl\/carriere\/","og_site_name":"SDM Private Banking","article_modified_time":"2024-02-07T17:56:53+00:00","og_image":[{"url":"https:\/\/securitiesdm.com\/wp-content\/uploads\/2021\/06\/diensten-banner-image-1024x325.jpg","type":"","width":"","height":""}],"twitter_card":"summary_large_image","twitter_misc":{"Geschatte leestijd":"2 minuten"},"schema":{"@context":"https:\/\/schema.org","@graph":[{"@type":"WebPage","@id":"https:\/\/securitiesdm.com\/nl\/carriere\/","url":"https:\/\/securitiesdm.com\/nl\/carriere\/","name":"Carri\u00e8re - SDM Private Banking","isPartOf":{"@id":"https:\/\/securitiesdm.com\/nl\/#website"},"primaryImageOfPage":{"@id":"https:\/\/securitiesdm.com\/nl\/carriere\/#primaryimage"},"image":{"@id":"https:\/\/securitiesdm.com\/nl\/carriere\/#primaryimage"},"thumbnailUrl":"https:\/\/securitiesdm.com\/wp-content\/uploads\/2021\/06\/diensten-banner-image-1024x325.jpg","datePublished":"2022-03-18T10:44:47+00:00","dateModified":"2024-02-07T17:56:53+00:00","breadcrumb":{"@id":"https:\/\/securitiesdm.com\/nl\/carriere\/#breadcrumb"},"inLanguage":"nl-NL","potentialAction":[{"@type":"ReadAction","target":["https:\/\/securitiesdm.com\/nl\/carriere\/"]}]},{"@type":"ImageObject","inLanguage":"nl-NL","@id":"https:\/\/securitiesdm.com\/nl\/carriere\/#primaryimage","url":"https:\/\/securitiesdm.com\/wp-content\/uploads\/2021\/06\/diensten-banner-image-1024x325.jpg","contentUrl":"https:\/\/securitiesdm.com\/wp-content\/uploads\/2021\/06\/diensten-banner-image-1024x325.jpg"},{"@type":"BreadcrumbList","@id":"https:\/\/securitiesdm.com\/nl\/carriere\/#breadcrumb","itemListElement":[{"@type":"ListItem","position":1,"name":"Home","item":"https:\/\/securitiesdm.com\/nl\/"},{"@type":"ListItem","position":2,"name":"Carri\u00e8re"}]},{"@type":"WebSite","@id":"https:\/\/securitiesdm.com\/nl\/#website","url":"https:\/\/securitiesdm.com\/nl\/","name":"SDM Private Banking","description":"Private Banking","publisher":{"@id":"https:\/\/securitiesdm.com\/nl\/#organization"},"potentialAction":[{"@type":"SearchAction","target":{"@type":"EntryPoint","urlTemplate":"https:\/\/securitiesdm.com\/nl\/?s={search_term_string}"},"query-input":{"@type":"PropertyValueSpecification","valueRequired":true,"valueName":"search_term_string"}}],"inLanguage":"nl-NL"},{"@type":"Organization","@id":"https:\/\/securitiesdm.com\/nl\/#organization","name":"SDM Private Banking","alternateName":"SDM","url":"https:\/\/securitiesdm.com\/nl\/","logo":{"@type":"ImageObject","inLanguage":"nl-NL","@id":"https:\/\/securitiesdm.com\/nl\/#\/schema\/logo\/image\/","url":"https:\/\/securitiesdm.com\/wp-content\/uploads\/2021\/06\/favicon.png","contentUrl":"https:\/\/securitiesdm.com\/wp-content\/uploads\/2021\/06\/favicon.png","width":468,"height":350,"caption":"SDM Private Banking"},"image":{"@id":"https:\/\/securitiesdm.com\/nl\/#\/schema\/logo\/image\/"},"sameAs":["https:\/\/www.linkedin.com\/company\/sdm-private-banking\/"]}]}},"_links":{"self":[{"href":"https:\/\/securitiesdm.com\/nl\/wp-json\/wp\/v2\/pages\/1709","targetHints":{"allow":["GET"]}}],"collection":[{"href":"https:\/\/securitiesdm.com\/nl\/wp-json\/wp\/v2\/pages"}],"about":[{"href":"https:\/\/securitiesdm.com\/nl\/wp-json\/wp\/v2\/types\/page"}],"author":[{"embeddable":true,"href":"https:\/\/securitiesdm.com\/nl\/wp-json\/wp\/v2\/users\/1"}],"replies":[{"embeddable":true,"href":"https:\/\/securitiesdm.com\/nl\/wp-json\/wp\/v2\/comments?post=1709"}],"version-history":[{"count":12,"href":"https:\/\/securitiesdm.com\/nl\/wp-json\/wp\/v2\/pages\/1709\/revisions"}],"predecessor-version":[{"id":4151,"href":"https:\/\/securitiesdm.com\/nl\/wp-json\/wp\/v2\/pages\/1709\/revisions\/4151"}],"wp:attachment":[{"href":"https:\/\/securitiesdm.com\/nl\/wp-json\/wp\/v2\/media?parent=1709"}],"curies":[{"name":"wp","href":"https:\/\/api.w.org\/{rel}","templated":true}]}}